{"id":1114,"date":"2024-05-02T10:41:11","date_gmt":"2024-05-02T08:41:11","guid":{"rendered":"https:\/\/conscience-robotics.com\/?page_id=1114"},"modified":"2025-04-28T17:55:42","modified_gmt":"2025-04-28T15:55:42","slug":"faq","status":"publish","type":"page","link":"https:\/\/conscience-robotics.com\/fr_fr\/faq\/","title":{"rendered":"FAQ"},"content":{"rendered":"\t\t<div data-elementor-type=\"wp-page\" data-elementor-id=\"1114\" class=\"elementor elementor-1114\" data-elementor-post-type=\"page\">\n\t\t\t\t<div class=\"elementor-element elementor-element-4d069fe e-flex e-con-boxed e-con e-parent\" data-id=\"4d069fe\" data-element_type=\"container\" data-e-type=\"container\" data-settings=\"{&quot;background_background&quot;:&quot;classic&quot;}\">\n\t\t\t\t\t<div class=\"e-con-inner\">\n\t\t<div class=\"elementor-element elementor-element-4d40577 e-con-full e-flex e-con e-child\" data-id=\"4d40577\" data-element_type=\"container\" data-e-type=\"container\">\n\t\t\t\t<div class=\"elementor-element elementor-element-504b50a elementor-widget elementor-widget-heading\" data-id=\"504b50a\" data-element_type=\"widget\" data-e-type=\"widget\" data-widget_type=\"heading.default\">\n\t\t\t\t<div class=\"elementor-widget-container\">\n\t\t\t\t\t<h1 class=\"elementor-heading-title elementor-size-default\">FAQs Consience Robotics<\/h1>\t\t\t\t<\/div>\n\t\t\t\t<\/div>\n\t\t\t\t<div class=\"elementor-element elementor-element-d4fee59 elementor-widget__width-initial elementor-widget elementor-widget-heading\" data-id=\"d4fee59\" data-element_type=\"widget\" data-e-type=\"widget\" data-widget_type=\"heading.default\">\n\t\t\t\t<div class=\"elementor-widget-container\">\n\t\t\t\t\t<p class=\"elementor-heading-title elementor-size-default\">Bienvenue dans la section FAQ de Conscience Robotics. Ici, vous trouverez les r\u00e9ponses aux questions les plus fr\u00e9quemment pos\u00e9es sur nos produits, services et proc\u00e9dures. Notre objectif est de vous aider \u00e0 tirer le meilleur parti de nos solutions d'intelligence artificielle et robotiques, en vous fournissant des informations claires et pr\u00e9cises.<\/p>\t\t\t\t<\/div>\n\t\t\t\t<\/div>\n\t\t<div class=\"elementor-element elementor-element-9ab8083 e-con-full e-flex e-con e-child\" data-id=\"9ab8083\" data-element_type=\"container\" data-e-type=\"container\">\n\t\t<div class=\"elementor-element elementor-element-0145329 e-con-full e-flex e-con e-child\" data-id=\"0145329\" data-element_type=\"container\" data-e-type=\"container\">\n\t\t\t\t<div class=\"elementor-element elementor-element-28b2016 elementor-widget-tablet__width-inherit elementor-widget elementor-widget-heading\" data-id=\"28b2016\" data-element_type=\"widget\" data-e-type=\"widget\" data-widget_type=\"heading.default\">\n\t\t\t\t<div class=\"elementor-widget-container\">\n\t\t\t\t\t<h2 class=\"elementor-heading-title elementor-size-default\">Quels types de robots proposez-vous ?<\/h2>\t\t\t\t<\/div>\n\t\t\t\t<\/div>\n\t\t\t\t<div class=\"elementor-element elementor-element-98e4ab6 elementor-widget__width-initial elementor-widget elementor-widget-text-editor\" data-id=\"98e4ab6\" data-element_type=\"widget\" data-e-type=\"widget\" data-widget_type=\"text-editor.default\">\n\t\t\t\t<div class=\"elementor-widget-container\">\n\t\t\t\t\t\t\t\t\t<p><span data-contrast=\"none\">Nous proposons une large gamme de robots, y compris des robots industriels, des robots m\u00e9dicaux, des robots de surveillance et bien plus encore. Chaque robot est con\u00e7u pour r\u00e9pondre \u00e0 des besoins sp\u00e9cifiques dans diff\u00e9rents domaines.<\/span><span data-ccp-props=\"{&quot;134233117&quot;:false,&quot;134233118&quot;:false,&quot;201341983&quot;:0,&quot;335559738&quot;:300,&quot;335559739&quot;:300,&quot;335559740&quot;:240}\">\u00a0<\/span><\/p>\t\t\t\t\t\t\t\t<\/div>\n\t\t\t\t<\/div>\n\t\t\t\t<\/div>\n\t\t<div class=\"elementor-element elementor-element-15079f4 e-con-full e-flex e-con e-child\" data-id=\"15079f4\" data-element_type=\"container\" data-e-type=\"container\">\n\t\t\t\t<div class=\"elementor-element elementor-element-0cf3970 elementor-widget-tablet__width-inherit elementor-widget elementor-widget-heading\" data-id=\"0cf3970\" data-element_type=\"widget\" data-e-type=\"widget\" data-widget_type=\"heading.default\">\n\t\t\t\t<div class=\"elementor-widget-container\">\n\t\t\t\t\t<h2 class=\"elementor-heading-title elementor-size-default\">Comment puis-je choisir le bon robot pour mes besoins ?<\/h2>\t\t\t\t<\/div>\n\t\t\t\t<\/div>\n\t\t\t\t<div class=\"elementor-element elementor-element-483e92a elementor-widget__width-initial elementor-widget elementor-widget-text-editor\" data-id=\"483e92a\" data-element_type=\"widget\" data-e-type=\"widget\" data-widget_type=\"text-editor.default\">\n\t\t\t\t<div class=\"elementor-widget-container\">\n\t\t\t\t\t\t\t\t\t<p><span data-contrast=\"none\">Notre \u00e9quipe d\u2019experts est l\u00e0 pour vous aider \u00e0 choisir le robot qui correspond le mieux \u00e0 vos besoins sp\u00e9cifiques. Nous tiendrons compte de vos exigences, du secteur d\u2019activit\u00e9 concern\u00e9 et des t\u00e2ches que vous souhaitez automatiser ou faciliter. Contactez-nous pour obtenir une consultation personnalis\u00e9e.<\/span><span data-ccp-props=\"{&quot;134233117&quot;:false,&quot;134233118&quot;:false,&quot;201341983&quot;:0,&quot;335559738&quot;:300,&quot;335559739&quot;:300,&quot;335559740&quot;:240}\">\u00a0<\/span><\/p>\t\t\t\t\t\t\t\t<\/div>\n\t\t\t\t<\/div>\n\t\t\t\t<\/div>\n\t\t<div class=\"elementor-element elementor-element-c74f330 e-con-full e-flex e-con e-child\" data-id=\"c74f330\" data-element_type=\"container\" data-e-type=\"container\">\n\t\t\t\t<div class=\"elementor-element elementor-element-7fe089e elementor-widget-tablet__width-inherit elementor-widget elementor-widget-heading\" data-id=\"7fe089e\" data-element_type=\"widget\" data-e-type=\"widget\" data-widget_type=\"heading.default\">\n\t\t\t\t<div class=\"elementor-widget-container\">\n\t\t\t\t\t<h2 class=\"elementor-heading-title elementor-size-default\">Qu\u2019en est-il de la maintenance et du support technique ?<\/h2>\t\t\t\t<\/div>\n\t\t\t\t<\/div>\n\t\t\t\t<div class=\"elementor-element elementor-element-3b44a70 elementor-widget elementor-widget-text-editor\" data-id=\"3b44a70\" data-element_type=\"widget\" data-e-type=\"widget\" data-widget_type=\"text-editor.default\">\n\t\t\t\t<div class=\"elementor-widget-container\">\n\t\t\t\t\t\t\t\t\t<p><span data-contrast=\"none\">Nous offrons un support technique complet pour tous nos robots. En cas de probl\u00e8me ou de question, notre \u00e9quipe de support technique est disponible pour vous assister. De plus, nous proposons des contrats de maintenance pour garantir des performances optimales et prolonger la dur\u00e9e de vie de vos robots.<\/span><span data-ccp-props=\"{&quot;134233117&quot;:false,&quot;134233118&quot;:false,&quot;201341983&quot;:0,&quot;335559738&quot;:300,&quot;335559739&quot;:300,&quot;335559740&quot;:240}\">\u00a0<\/span><\/p>\t\t\t\t\t\t\t\t<\/div>\n\t\t\t\t<\/div>\n\t\t\t\t<\/div>\n\t\t<div class=\"elementor-element elementor-element-1f19d8b e-con-full e-flex e-con e-child\" data-id=\"1f19d8b\" data-element_type=\"container\" data-e-type=\"container\">\n\t\t\t\t<div class=\"elementor-element elementor-element-8a27e55 elementor-widget-tablet__width-inherit elementor-widget elementor-widget-heading\" data-id=\"8a27e55\" data-element_type=\"widget\" data-e-type=\"widget\" data-widget_type=\"heading.default\">\n\t\t\t\t<div class=\"elementor-widget-container\">\n\t\t\t\t\t<h2 class=\"elementor-heading-title elementor-size-default\">Proposez-vous des solutions sur mesure ?<\/h2>\t\t\t\t<\/div>\n\t\t\t\t<\/div>\n\t\t\t\t<div class=\"elementor-element elementor-element-c84a02b elementor-widget elementor-widget-text-editor\" data-id=\"c84a02b\" data-element_type=\"widget\" data-e-type=\"widget\" data-widget_type=\"text-editor.default\">\n\t\t\t\t<div class=\"elementor-widget-container\">\n\t\t\t\t\t\t\t\t\t<p>Oui, nous comprenons que chaque entreprise a des besoins uniques. Nous proposons des solutions sur mesure pour r\u00e9pondre aux exigences sp\u00e9cifiques de nos clients. Notre \u00e9quipe travaillera en \u00e9troite collaboration avec vous pour d\u00e9velopper et mettre en \u0153uvre une solution robotique personnalis\u00e9e qui r\u00e9pondra \u00e0 vos attentes.<\/p>\t\t\t\t\t\t\t\t<\/div>\n\t\t\t\t<\/div>\n\t\t\t\t<\/div>\n\t\t<div class=\"elementor-element elementor-element-56f5d19 e-con-full e-flex e-con e-child\" data-id=\"56f5d19\" data-element_type=\"container\" data-e-type=\"container\">\n\t\t\t\t<div class=\"elementor-element elementor-element-1741a4f elementor-widget-tablet__width-inherit elementor-widget elementor-widget-heading\" data-id=\"1741a4f\" data-element_type=\"widget\" data-e-type=\"widget\" data-widget_type=\"heading.default\">\n\t\t\t\t<div class=\"elementor-widget-container\">\n\t\t\t\t\t<h2 class=\"elementor-heading-title elementor-size-default\">Quels avantages les robots peuvent-ils apporter \u00e0 mon entreprise ?<\/h2>\t\t\t\t<\/div>\n\t\t\t\t<\/div>\n\t\t\t\t<div class=\"elementor-element elementor-element-a687f1c elementor-widget elementor-widget-text-editor\" data-id=\"a687f1c\" data-element_type=\"widget\" data-e-type=\"widget\" data-widget_type=\"text-editor.default\">\n\t\t\t\t<div class=\"elementor-widget-container\">\n\t\t\t\t\t\t\t\t\t<p><span data-contrast=\"none\">Les robots peuvent apporter de nombreux avantages \u00e0 votre entreprise, tels qu\u2019une productivit\u00e9 accrue, une r\u00e9duction des erreurs, une efficacit\u00e9 am\u00e9lior\u00e9e, des \u00e9conomies de co\u00fbts, une s\u00e9curit\u00e9 renforc\u00e9e et une automatisation des t\u00e2ches r\u00e9p\u00e9titives. Ils peuvent lib\u00e9rer vos employ\u00e9s des t\u00e2ches monotones pour se concentrer sur des activit\u00e9s \u00e0 plus forte valeur ajout\u00e9e.<\/span><span data-ccp-props=\"{&quot;134233117&quot;:false,&quot;134233118&quot;:false,&quot;201341983&quot;:0,&quot;335559738&quot;:300,&quot;335559739&quot;:300,&quot;335559740&quot;:240}\">\u00a0<\/span><\/p>\t\t\t\t\t\t\t\t<\/div>\n\t\t\t\t<\/div>\n\t\t\t\t<\/div>\n\t\t<div class=\"elementor-element elementor-element-81142cd e-con-full e-flex e-con e-child\" data-id=\"81142cd\" data-element_type=\"container\" data-e-type=\"container\">\n\t\t\t\t<div class=\"elementor-element elementor-element-0a88658 elementor-widget-tablet__width-inherit elementor-widget elementor-widget-heading\" data-id=\"0a88658\" data-element_type=\"widget\" data-e-type=\"widget\" data-widget_type=\"heading.default\">\n\t\t\t\t<div class=\"elementor-widget-container\">\n\t\t\t\t\t<h2 class=\"elementor-heading-title elementor-size-default\">\nComment puis-je obtenir un devis pour un robot sp\u00e9cifique ?<\/h2>\t\t\t\t<\/div>\n\t\t\t\t<\/div>\n\t\t\t\t<div class=\"elementor-element elementor-element-d58be2b elementor-widget elementor-widget-text-editor\" data-id=\"d58be2b\" data-element_type=\"widget\" data-e-type=\"widget\" data-widget_type=\"text-editor.default\">\n\t\t\t\t<div class=\"elementor-widget-container\">\n\t\t\t\t\t\t\t\t\t<p><span data-contrast=\"none\">Pour obtenir un devis personnalis\u00e9, veuillez nous contacter par t\u00e9l\u00e9phone ou par e-mail . Fournissez-nous autant de d\u00e9tails que possible sur votre projet, vos exigences et vos pr\u00e9f\u00e9rences, et notre \u00e9quipe commerciale vous fournira un devis d\u00e9taill\u00e9 dans les meilleurs d\u00e9lais.<\/span><span data-ccp-props=\"{&quot;134233117&quot;:false,&quot;134233118&quot;:false,&quot;201341983&quot;:0,&quot;335559738&quot;:300,&quot;335559739&quot;:300,&quot;335559740&quot;:240}\">\u00a0<\/span><\/p><p><span data-contrast=\"none\">Si vous avez d\u2019autres questions, n\u2019h\u00e9sitez pas \u00e0 nous contacter. Notre \u00e9quipe se fera un plaisir d\u2019y r\u00e9pondre et de vous aider dans votre parcours vers une automatisation r\u00e9ussie avec nos robots de pointe.<\/span><span data-ccp-props=\"{&quot;134233117&quot;:false,&quot;134233118&quot;:false,&quot;201341983&quot;:0,&quot;335559738&quot;:300,&quot;335559739&quot;:0,&quot;335559740&quot;:240}\">\u00a0<\/span><\/p>\t\t\t\t\t\t\t\t<\/div>\n\t\t\t\t<\/div>\n\t\t\t\t<\/div>\n\t\t\t\t<\/div>\n\t\t\t\t<div class=\"elementor-element elementor-element-d1ca432 elementor-widget elementor-widget-heading\" data-id=\"d1ca432\" data-element_type=\"widget\" data-e-type=\"widget\" data-widget_type=\"heading.default\">\n\t\t\t\t<div class=\"elementor-widget-container\">\n\t\t\t\t\t<h3 class=\"elementor-heading-title elementor-size-default\">Vous avez toujours des questions ?<\/h3>\t\t\t\t<\/div>\n\t\t\t\t<\/div>\n\t\t\t\t<div class=\"elementor-element elementor-element-b5ce6f5 elementor-widget__width-initial elementor-widget elementor-widget-text-editor\" data-id=\"b5ce6f5\" data-element_type=\"widget\" data-e-type=\"widget\" data-widget_type=\"text-editor.default\">\n\t\t\t\t<div class=\"elementor-widget-container\">\n\t\t\t\t\t\t\t\t\t<p>Si vous ne trouvez pas ce que vous cherchez, n&rsquo;h\u00e9sitez pas \u00e0 contacter notre service client\u00e8le pour une assistance personnalis\u00e9e. Nous sommes l\u00e0 pour vous aider \u00e0 naviguer dans le monde fascinant de la robotique avec Conscience Robotics.<\/p>\t\t\t\t\t\t\t\t<\/div>\n\t\t\t\t<\/div>\n\t\t\t\t<div class=\"elementor-element elementor-element-5643e06 elementor-align-right elementor-widget__width-auto elementor-widget elementor-widget-button\" data-id=\"5643e06\" data-element_type=\"widget\" data-e-type=\"widget\" data-widget_type=\"button.default\">\n\t\t\t\t<div class=\"elementor-widget-container\">\n\t\t\t\t\t\t\t\t\t<div class=\"elementor-button-wrapper\">\n\t\t\t\t\t<a class=\"elementor-button elementor-button-link elementor-size-sm\" href=\"https:\/\/conscience-robotics.com\/fr_fr\/contact\/\">\n\t\t\t\t\t\t<span class=\"elementor-button-content-wrapper\">\n\t\t\t\t\t\t\t\t\t<span class=\"elementor-button-text\">Contactez-nous<\/span>\n\t\t\t\t\t<\/span>\n\t\t\t\t\t<\/a>\n\t\t\t\t<\/div>\n\t\t\t\t\t\t\t\t<\/div>\n\t\t\t\t<\/div>\n\t\t\t\t<\/div>\n\t\t\t\t\t<\/div>\n\t\t\t\t<\/div>\n\t\t\t\t<\/div>\n\t\t","protected":false},"excerpt":{"rendered":"<p>FAQs Consience Robotics Bienvenue dans la section FAQ de Conscience Robotics. Ici, vous trouverez les r\u00e9ponses aux questions les plus fr\u00e9quemment pos\u00e9es sur nos produits, services et proc\u00e9dures. Notre objectif est de vous aider \u00e0 tirer le meilleur parti de nos solutions d&rsquo;intelligence artificielle et robotiques, en vous fournissant des informations claires et pr\u00e9cises. Quels [&hellip;]<\/p>\n","protected":false},"author":1,"featured_media":0,"parent":0,"menu_order":0,"comment_status":"closed","ping_status":"closed","template":"","meta":{"footnotes":""},"class_list":["post-1114","page","type-page","status-publish","hentry"],"_links":{"self":[{"href":"https:\/\/conscience-robotics.com\/fr_fr\/wp-json\/wp\/v2\/pages\/1114","targetHints":{"allow":["GET"]}}],"collection":[{"href":"https:\/\/conscience-robotics.com\/fr_fr\/wp-json\/wp\/v2\/pages"}],"about":[{"href":"https:\/\/conscience-robotics.com\/fr_fr\/wp-json\/wp\/v2\/types\/page"}],"author":[{"embeddable":true,"href":"https:\/\/conscience-robotics.com\/fr_fr\/wp-json\/wp\/v2\/users\/1"}],"replies":[{"embeddable":true,"href":"https:\/\/conscience-robotics.com\/fr_fr\/wp-json\/wp\/v2\/comments?post=1114"}],"version-history":[{"count":0,"href":"https:\/\/conscience-robotics.com\/fr_fr\/wp-json\/wp\/v2\/pages\/1114\/revisions"}],"wp:attachment":[{"href":"https:\/\/conscience-robotics.com\/fr_fr\/wp-json\/wp\/v2\/media?parent=1114"}],"curies":[{"name":"wp","href":"https:\/\/api.w.org\/{rel}","templated":true}]}}