{"id":3,"date":"2024-02-06T09:10:38","date_gmt":"2024-02-06T08:10:38","guid":{"rendered":"https:\/\/conscience-robotics.com\/?page_id=3"},"modified":"2025-06-25T16:04:49","modified_gmt":"2025-06-25T14:04:49","slug":"mentions-legales-politique-de-confidentialite","status":"publish","type":"page","link":"https:\/\/conscience-robotics.com\/fr_fr\/mentions-legales-politique-de-confidentialite\/","title":{"rendered":"Mentions L\u00e9gales &#038; Politique de confidentialit\u00e9"},"content":{"rendered":"\n<h4 class=\"wp-block-heading\"><strong>Propri\u00e9t\u00e9 du site vitrine<\/strong><\/h4>\n\n\n\n<p>Le pr\u00e9sent site www.conscience-robotics.com est la propri\u00e9t\u00e9 de la soci\u00e9t\u00e9 Conscience Robotics SAS dont le si\u00e8ge est situ\u00e9 \u00e0&nbsp;4 Avenue de Cambridge, 14200 H\u00e9rouville-Saint-Clair. www.conscience-robotics.com&nbsp;\u2013 SIRET :&nbsp;83323699500035&nbsp;\u2013 RCS 10-11-2017 \u2013 T\u00e9l\u00e9phone : 09 86 77 31 47, dirig\u00e9e par Monsieur Ili\u00e8s Zaoui. Le site a \u00e9t\u00e9 d\u00e9velopp\u00e9 par Conscience Robotics et est h\u00e9berg\u00e9 par Conscience Robotics.<\/p>\n\n\n\n<h4 class=\"wp-block-heading\"><strong>Politique de confidentialit\u00e9&nbsp;<\/strong><\/h4>\n\n\n\n<p>Le but de cette politique de confidentialit\u00e9&nbsp;est d\u2019informer les utilisateurs de notre site des donn\u00e9es personnelles que nous recueillerons ainsi&nbsp;que les informations suivantes, le cas \u00e9ch\u00e9ant :<\/p>\n\n\n\n<p>a. Les donn\u00e9es personnelles que nous recueillerons ;<\/p>\n\n\n\n<p>b. L\u2019utilisation des donn\u00e9es recueillies ;<\/p>\n\n\n\n<p>c. Les personnes ayant acc\u00e8s aux donn\u00e9es recueillies ;<\/p>\n\n\n\n<p>d. Les droits des utilisateurs du site ;<\/p>\n\n\n\n<p>e. La politique de cookies du site ;<\/p>\n\n\n\n<p>Cette politique de confidentialit\u00e9 fonctionne parall\u00e8lement aux conditions g\u00e9n\u00e9rales d\u2019utilisation de notre site.<\/p>\n\n\n\n<h4 class=\"wp-block-heading\"><strong>Lois applicables<\/strong><\/h4>\n\n\n\n<p>Conform\u00e9ment au R\u00e9glement G\u00e9n\u00e9ral sur la Protection des Donn\u00e9es (RGPD), cette politique de confidentialit\u00e9 est conforme aux r\u00e9glements&nbsp;suivants.<\/p>\n\n\n\n<p>Les donn\u00e9es \u00e0 caract\u00e8re personnel doivent \u00eatre :<\/p>\n\n\n\n<p>a. Trait\u00e9es de mani\u00e8re licite, loyale et transparente au regard de la personne concern\u00e9e (lic\u00e9it\u00e9, loyaut\u00e9, transparence) ;<\/p>\n\n\n\n<p>b. Collect\u00e9es pour des finalit\u00e9s d\u00e9termin\u00e9es, explicites et l\u00e9gitimes, et ne pas \u00eatre trait\u00e9es ult\u00e9rieurement d\u2019une mani\u00e8re incompatible&nbsp;avec ces finalit\u00e9s; le traitement ult\u00e9rieur \u00e0 des fins archivistiques dans l\u2019int\u00e9r\u00eat public, \u00e0 des fins de recherche scientifique ou&nbsp;historique ou \u00e0 des fins statistiques n\u2019est pas consid\u00e9r\u00e9, conform\u00e9ment \u00e0 l\u2019article 89, paragraphe 1, comme incompatible avec les&nbsp;finalit\u00e9s initiales (limitation des finalit\u00e9s) ;<\/p>\n\n\n\n<p>c. Ad\u00e9quates, pertinentes et limit\u00e9es \u00e0 ce qui est n\u00e9cessaire au regard des finalit\u00e9s pour lesquelles elles sont trait\u00e9es (minimisation des&nbsp;donn\u00e9es) ;<\/p>\n\n\n\n<p>d. Exactes et, si n\u00e9cessaire, tenues \u00e0 jour; toutes les mesures raisonnables doivent \u00eatre prises pour que les donn\u00e9es \u00e0 caract\u00e8re personnel&nbsp;qui sont inexactes, eu \u00e9gard aux finalit\u00e9s pour lesquelles elles sont trait\u00e9es, soient effac\u00e9es ou rectifi\u00e9es sans tarder (exactitude) ;<\/p>\n\n\n\n<p>e. Conserv\u00e9es sous une forme permettant l\u2019identification des personnes concern\u00e9es pendant une dur\u00e9e n\u2019exc\u00e9dant pas celle n\u00e9cessaire au&nbsp;regard des finalit\u00e9s pour lesquelles elles sont trait\u00e9es; les donn\u00e9es &amp; caract\u00e8re personnel peuvent \u00eatre conserv\u00e9es pour des dur\u00e9es plus&nbsp;longues dans la mesure ou elles seront trait\u00e9es exclusivement a des fins archivistiques dans l\u2019int\u00e9r\u00eat public, des fins de recherche&nbsp;scientifique ou historique ou a des fins statistiques conform\u00e9ment a l\u2019article 89, paragraphe 1, pour autant que soient mises en \u0153uvre&nbsp;les mesures techniques et organisationnelles appropri\u00e9es requises par le pr\u00e9sent r\u00e8glement afin de garantir les droits et libert\u00e9s de la personne&nbsp;concern\u00e9e (limitation de la conservation) ;<\/p>\n\n\n\n<p>f. Trait\u00e9es de fa\u00e7on \u00e0 garantir une s\u00e9curit\u00e9 appropri\u00e9e des donn\u00e9es \u00e0 caract\u00e8re personnel, y compris la protection contre le traitement&nbsp;non autoris\u00e9 ou illicite et contre la perte, la destruction ou les d\u00e9g\u00e2ts d\u2019origine accidentelle, \u00e0 l\u2019aide de mesures techniques ou organisationnelles appropri\u00e9es (int\u00e9grit\u00e9 et confidentialit\u00e9) ;<\/p>\n\n\n\n<p>Le traitement n\u2019est licite que si, et dans la mesure o\u00f9, au moins une des conditions suivantes est remplie :<\/p>\n\n\n\n<p>a. La personne concern\u00e9e a consenti au traitement de ses donn\u00e9es \u00e0 caract\u00e8re personnel pour une ou plusieurs finalit\u00e9s sp\u00e9cifiques ;<\/p>\n\n\n\n<p>b. Le traitement est n\u00e9cessaire \u00e0 l\u2019ex\u00e9cution d\u2019un contrat auquel la personne concern\u00e9e est partie ou \u00e0 l\u2019ex\u00e9cution de mesures<br>pr\u00e9contractuelles prises a la demande de celle-ci ;<\/p>\n\n\n\n<p>c. Le traitement est n\u00e9cessaire au respect d\u2019une obligation l\u00e9gale \u00e0 laquelle le responsable du traitement est soumis ;<\/p>\n\n\n\n<p>d. Le traitement est n\u00e9cessaire \u00e0 la sauvegarde des int\u00e9r\u00eats vitaux de la personne concern\u00e9e ou d\u2019une autre personne physique ;<\/p>\n\n\n\n<p>e. Le traitement est n\u00e9cessaire l\u2019ex\u00e9cution d\u2019une mission d\u2019int\u00e9r\u00eat public ou relevant de l\u2019exercice de l\u2019autorit\u00e9 publique dont est investi&nbsp;le responsable du traitement ;<\/p>\n\n\n\n<p>f. Le traitement est n\u00e9cessaire aux fins des int\u00e9r\u00eats l\u00e9gitimes poursuivis par le responsable du traitement ou par un tiers, a moins que ne&nbsp;pr\u00e9valent les int\u00e9r\u00eats ou les libert\u00e9s et droits fondamentaux de la personne concern\u00e9e qui exigent une protection des donn\u00e9es \u00e0&nbsp;caract\u00e8re personnel, notamment lorsque la personne concern\u00e9e est un enfant.<\/p>\n\n\n\n<h4 class=\"wp-block-heading\"><strong>Consentement<\/strong><\/h4>\n\n\n\n<p>Les utilisateurs conviennent qu\u2019en utilisant notre site, ils consentent \u00e0 :<\/p>\n\n\n\n<p>a. Les conditions \u00e9nonc\u00e9es dans la pr\u00e9sente politique de confidentialit\u00e9 ;<\/p>\n\n\n\n<p>b. La collecte, l\u2019utilisation et la conservation des donn\u00e9es \u00e9num\u00e9r\u00e9es dans la pr\u00e9sente politique ;<\/p>\n\n\n\n<h4 class=\"wp-block-heading\"><strong>Donn\u00e9es personnelles que nous collectons<\/strong><\/h4>\n\n\n\n<h5 class=\"wp-block-heading\"><strong>Donn\u00e9es recueillies de fa\u00e7on automatique<\/strong><\/h5>\n\n\n\n<p>Nous pouvons \u00e9galement collecter les donn\u00e9es suivantes lorsque vous effectuez certaines fonctions sur notre site :<\/p>\n\n\n\n<p>a. Pr\u00e9nom et nom ;<\/p>\n\n\n\n<p>b. Email ;<\/p>\n\n\n\n<p>c. Num\u00e9ro de t\u00e9l\u00e9phone ;<\/p>\n\n\n\n<p>Ces donn\u00e9es peuvent \u00e9tre recueillies au moyen des m\u00e9thodes suivantes :<\/p>\n\n\n\n<p>Les donn\u00e9es personnelles sont collect\u00e9es automatiquement uniquement \u00e0 travers l\u2019utilisation d\u2019un agenda utile \u00e0 la prise de rendez-vous consult\u00e9s et utilis\u00e9s par les&nbsp;utilisateurs du site.<\/p>\n\n\n\n<p>Veuillez noter que nous ne collectons que les donn\u00e9es qui nous aident \u00e0 atteindre l\u2019objectif \u00e9nonc\u00e9 dans cette politique de confidentialit\u00e9.<\/p>\n\n\n\n<p>Nous ne recueillerons pas de donn\u00e9es suppl\u00e9mentaires sans vous en informer au pr\u00e9alable.<\/p>\n\n\n\n<h4 class=\"wp-block-heading\"><strong>Comment utilisons-nous les donn\u00e9es personnelles ?<\/strong><\/h4>\n\n\n\n<p>Les donn\u00e9es personnelles recueillies sur notre site seront utilis\u00e9es uniquement aux fins pr\u00e9cis\u00e9es dans la pr\u00e9sente politique ou indiqu\u00e9es sur les pages pertinentes de notre site. Nous n\u2019utiliserons pas vos donn\u00e9es au-del\u00e0 de ce que nous divulguerons.<\/p>\n\n\n\n<p>Les donn\u00e9es que nous recueillons lorsque l\u2019utilisateur ex\u00e9cute certaines fonctions peuvent \u00e9tre utilis\u00e9es aux fins suivantes :<\/p>\n\n\n\n<p>a. Les donn\u00e9es personnelles sont uniquement utilis\u00e9es pour identifier plus rapidement nos visiteurs lors de leurs prochaines prises de&nbsp;rendez-vous.<\/p>\n\n\n\n<h4 class=\"wp-block-heading\"><strong>Avec qui partageons-nous les donn\u00e9es personnelles ?<\/strong><\/h4>\n\n\n\n<h5 class=\"wp-block-heading\">Employ\u00e9s<\/h5>\n\n\n\n<p>Nous pouvons divulguer \u00e0 tout membre de notre organisation les donn\u00e9es utilisateur dont il a raisonnablement besoin pour r\u00e9aliser les&nbsp;objectifs \u00e9nonc\u00e9s dans la pr\u00e9sente politique.<\/p>\n\n\n\n<h5 class=\"wp-block-heading\">Tierces parties<\/h5>\n\n\n\n<p>Nous pouvons partager les donn\u00e9es utilisateur avec les tiers suivants :<\/p>\n\n\n\n<p>a. Responsable de la RGPD ;<\/p>\n\n\n\n<p>b. Le CEO de l\u2019entreprise ;<\/p>\n\n\n\n<p>Les tiers ne seront pas en mesure d\u2019acc\u00e9der aux donn\u00e9es des utilisateurs au-del\u00e0 de ce qui est raisonnablement n\u00e9cessaire pour atteindre l\u2019objectif donn\u00e9.<\/p>\n\n\n\n<p>Nous pouvons partager les donn\u00e9es utilisateur avec des tiers aux fins suivantes :<\/p>\n\n\n\n<p>a. Prise de contact par t\u00e9l\u00e9phone ou Email<\/p>\n\n\n\n<h4 class=\"wp-block-heading\"><strong>Autres divulgations<\/strong><\/h4>\n\n\n\n<p>Nous nous engageons \u00e0 ne pas vendre ou partager vos donn\u00e9es avec des tiers, sauf dans les cas suivants :<\/p>\n\n\n\n<p>a. Si la loi l\u2019exige ;<\/p>\n\n\n\n<p>b. Si elles sont requises pour toute proc\u00e9dure judiciaire ;<\/p>\n\n\n\n<p>c. Pour prouver ou prot\u00e9ger nos droits l\u00e9gaux ;<\/p>\n\n\n\n<p>d. \u00c0 des acheteurs ou des acheteurs potentiels de cette soci\u00e9t\u00e9 dans le cas o\u00f9 nous chercherions \u00e0 la vendre ;<\/p>\n\n\n\n<p>Si vous suivez des hyperliens de notre site vers un autre site, veuillez noter que nous ne sommes pas responsables et n\u2019avons pas de&nbsp;contr\u00f4le sur leurs politiques et pratiques de confidentialit\u00e9.<\/p>\n\n\n\n<h5 class=\"wp-block-heading\"><strong>Combien de temps stockons-nous les donn\u00e9es personnelles ?<\/strong><\/h5>\n\n\n\n<p>Les donn\u00e9es des utilisateurs seront conserv\u00e9es pour une dur\u00e9e de :&nbsp;<strong>trois ans<\/strong><\/p>\n\n\n\n<p>Nous veillerons \u00e0 ce que les utilisateurs soient avis\u00e9s si leurs donn\u00e9es sont conserv\u00e9es plus longtemps que cette dur\u00e9e.<\/p>\n\n\n\n<h5 class=\"wp-block-heading\"><strong>Comment prot\u00e9geons-nous vos donn\u00e9es personnelles ?<\/strong><\/h5>\n\n\n\n<p>Conscience Robotics assure la protection de vos donn\u00e9es personnelles, en utilisant un protocole de s\u00e9curit\u00e9 permettant de transporter vos&nbsp;donn\u00e9es personnelles avec maitrise dans notre syst\u00e8me informatique.<\/p>\n\n\n\n<p>Toutes les donn\u00e9es stock\u00e9es dans notre syst\u00e8me sont bien s\u00e9curis\u00e9es&nbsp;et ne sont accessibles qu\u2019\u00e0 nos employ\u00e9s. Nos employ\u00e9s sont li\u00e9s par des accords de confidentialit\u00e9 stricts et une violation de cet accord&nbsp;entrainerait le licenciement de l\u2019employ\u00e9.<\/p>\n\n\n\n<p>Alors que nous prenons toutes les pr\u00e9cautions raisonnables pour nous assurer que nos donn\u00e9es d\u2019utilisateur soient s\u00e9curis\u00e9es et que les&nbsp;utilisateurs sont prot\u00e9g\u00e9s, il reste toujours du risque de pr\u00e9judice. L\u2019Internet en sa totalit\u00e9 peut \u00eatre, parfois, peu s\u00fbr, nous sommes donc incapables de garantir la s\u00e9curit\u00e9 des donn\u00e9es des utilisateurs au-del\u00e0 de ce qui est raisonnablement pratique.<\/p>\n\n\n\n<h5 class=\"wp-block-heading\"><strong>Mineurs<\/strong><\/h5>\n\n\n\n<p>Le RGPD pr\u00e9cise que les personnes de moins de 15 ans sont consid\u00e9r\u00e9es comme des mineurs aux fins de la collecte de donn\u00e9es. Les&nbsp;mineurs doivent avoir le consentement d\u2019un repr\u00e9sentant l\u00e9gal pour que leurs donn\u00e9es soient recueillies, trait\u00e9es et utilis\u00e9es.<\/p>\n\n\n\n<h5 class=\"wp-block-heading\"><strong>Vos droits en tant qu\u2019utilisateur<\/strong><\/h5>\n\n\n\n<p>En vertu du RGPD, les utilisateurs ont les droits suivants en tant que personnes concern\u00e9es :<\/p>\n\n\n\n<p>a. Droit d\u2019acc\u00e8s ;<br>b. Droit de rectification ;<br>c. Droit a l\u2019effacement ;<br>d. Droit de restreindre le traitement ;<br>e. Droit \u00e0 la portabilit\u00e9 des donn\u00e9es ;<br>f. Droit d\u2019objection ;<\/p>\n\n\n\n<p>Vous trouverez de plus amples informations sur ces droits au chapitre 3 (art 12-23) du RGPD.<\/p>\n\n\n\n<h5 class=\"wp-block-heading\"><strong>Comment modifier, supprimer ou contester les donn\u00e9es recueillies ?<\/strong><\/h5>\n\n\n\n<p>Si vous souhaitez que vos renseignements soient supprim\u00e9s ou modifi\u00e9s d\u2019une fa\u00e7on ou d\u2019une autre, veuillez communiquer avec notre&nbsp;agent de protection de la vie priv\u00e9e ici :<\/p>\n\n\n\n<p>Conscience Robotics<br>4 Av. de Cambridge, 14200 H\u00e9rouville-Saint-Clair<br>in@conscience-robotics.com<\/p>\n\n\n\n<h5 class=\"wp-block-heading\"><strong>Modifications<\/strong><\/h5>\n\n\n\n<p>Cette politique de confidentialit\u00e9 peut \u00eatre modifi\u00e9e \u00e0 l\u2019occasion afin de maintenir la conformit\u00e9 avec la loi et de tenir compte de tout&nbsp;changement \u00e0 notre processus de collecte de donn\u00e9es.<\/p>\n\n\n\n<p>Nous recommandons \u00e0 nos utilisateurs de v\u00e9rifier notre politique de temps \u00e0 autre&nbsp;pour s\u2019assurer qu\u2019ils soient inform\u00e9s de toute mise jour.<\/p>\n\n\n\n<p>Au besoin, nous pouvons informer les utilisateurs par courriel des changements&nbsp;apport\u00e9s \u00e0 cette politique.<\/p>\n\n\n\n<h5 class=\"wp-block-heading\"><strong>Contact<\/strong><\/h5>\n\n\n\n<p>Si vous avez des questions \u00e0 nous poser, n\u2019h\u00e9sitez pas \u00e0 communiquer avec nous en utilisant les coordonn\u00e9es suivantes :<\/p>\n\n\n\n<p>T\u00e9l : 09 86 77 31 47<\/p>\n\n\n\n<p>Email : in@conscience-robotics.com<\/p>\n\n\n\n<p>Adresse : 4 Av. de Cambridge, &nbsp;B\u00e2timent F, 14200 H\u00e9rouville-Saint-Clair<\/p>\n","protected":false},"excerpt":{"rendered":"<p>Propri\u00e9t\u00e9 du site vitrine Le pr\u00e9sent site www.conscience-robotics.com est la propri\u00e9t\u00e9 de la soci\u00e9t\u00e9 Conscience Robotics SAS dont le si\u00e8ge est situ\u00e9 \u00e0&nbsp;4 Avenue de Cambridge, 14200 H\u00e9rouville-Saint-Clair. www.conscience-robotics.com&nbsp;\u2013 SIRET :&nbsp;83323699500035&nbsp;\u2013 RCS 10-11-2017 \u2013 T\u00e9l\u00e9phone : 09 86 77 31 47, dirig\u00e9e par Monsieur Ili\u00e8s Zaoui. Le site a \u00e9t\u00e9 d\u00e9velopp\u00e9 par Conscience Robotics et [&hellip;]<\/p>\n","protected":false},"author":1,"featured_media":0,"parent":0,"menu_order":0,"comment_status":"closed","ping_status":"closed","template":"","meta":{"footnotes":""},"class_list":["post-3","page","type-page","status-publish","hentry"],"_links":{"self":[{"href":"https:\/\/conscience-robotics.com\/fr_fr\/wp-json\/wp\/v2\/pages\/3","targetHints":{"allow":["GET"]}}],"collection":[{"href":"https:\/\/conscience-robotics.com\/fr_fr\/wp-json\/wp\/v2\/pages"}],"about":[{"href":"https:\/\/conscience-robotics.com\/fr_fr\/wp-json\/wp\/v2\/types\/page"}],"author":[{"embeddable":true,"href":"https:\/\/conscience-robotics.com\/fr_fr\/wp-json\/wp\/v2\/users\/1"}],"replies":[{"embeddable":true,"href":"https:\/\/conscience-robotics.com\/fr_fr\/wp-json\/wp\/v2\/comments?post=3"}],"version-history":[{"count":0,"href":"https:\/\/conscience-robotics.com\/fr_fr\/wp-json\/wp\/v2\/pages\/3\/revisions"}],"wp:attachment":[{"href":"https:\/\/conscience-robotics.com\/fr_fr\/wp-json\/wp\/v2\/media?parent=3"}],"curies":[{"name":"wp","href":"https:\/\/api.w.org\/{rel}","templated":true}]}}